{"id":2171,"date":"2026-03-03T08:12:58","date_gmt":"2026-03-03T08:12:58","guid":{"rendered":"https:\/\/infracert.hr\/?page_id=2171"},"modified":"2026-03-03T08:18:33","modified_gmt":"2026-03-03T08:18:33","slug":"iso","status":"publish","type":"page","link":"https:\/\/infracert.hr\/en\/iso\/","title":{"rendered":"ISO"},"content":{"rendered":"<div data-elementor-type=\"wp-page\" data-elementor-id=\"2171\" class=\"elementor elementor-2171\" data-elementor-post-type=\"page\">\n\t\t\t\t\t\t<section class=\"elementor-section elementor-top-section elementor-element elementor-element-b696a12 elementor-section-boxed elementor-section-height-default elementor-section-height-default\" data-id=\"b696a12\" data-element_type=\"section\">\n\t\t\t\t\t\t<div class=\"elementor-container elementor-column-gap-default\">\n\t\t\t\t\t<div class=\"elementor-column elementor-col-100 elementor-top-column elementor-element elementor-element-581ef25\" data-id=\"581ef25\" data-element_type=\"column\">\n\t\t\t<div class=\"elementor-widget-wrap elementor-element-populated\">\n\t\t\t\t\t\t<div class=\"elementor-element elementor-element-d19cffc elementor-widget elementor-widget-heading\" data-id=\"d19cffc\" data-element_type=\"widget\" data-widget_type=\"heading.default\">\n\t\t\t\t<div class=\"elementor-widget-container\">\n\t\t\t<h1 class=\"elementor-heading-title elementor-size-default\">INTEGRATED MANAGEMENT SYSTEM POLICY\nINFRACERT d.o.o<\/h1>\t\t<\/div>\n\t\t\t\t<\/div>\n\t\t\t\t\t<\/div>\n\t\t<\/div>\n\t\t\t\t\t<\/div>\n\t\t<\/section>\n\t\t\t\t<section class=\"elementor-section elementor-top-section elementor-element elementor-element-c669e49 elementor-section-boxed elementor-section-height-default elementor-section-height-default\" data-id=\"c669e49\" data-element_type=\"section\">\n\t\t\t\t\t\t<div class=\"elementor-container elementor-column-gap-default\">\n\t\t\t\t\t<div class=\"elementor-column elementor-col-100 elementor-top-column elementor-element elementor-element-d970cc6\" data-id=\"d970cc6\" data-element_type=\"column\">\n\t\t\t<div class=\"elementor-widget-wrap elementor-element-populated\">\n\t\t\t\t\t\t<div class=\"elementor-element elementor-element-d004c90 elementor-widget elementor-widget-text-editor\" data-id=\"d004c90\" data-element_type=\"widget\" data-widget_type=\"text-editor.default\">\n\t\t\t\t<div class=\"elementor-widget-container\">\n\t\t\t\t\t\t\t<p>INFRACERT d.o.o. is dedicated to providing professional, impartial and reliable services in technical testing, analysis and conformity assessment of railway infrastructure subsystems and vehicles in accordance with applicable European and national regulations.<br \/><br \/>The integrated management system includes:<br \/>\u2022 ISO 9001:2015 \u2013 Quality Management System<br \/>\u2022 ISO\/IEC 27001:2022 \u2013 Information Security Management System<\/p><p>\u00a0<\/p><p><strong>FOCUS ON USERS AND REGULATION<\/strong><br \/>We continuously understand the needs of users and regulatory authorities and ensure full compliance with EU regulations and national rules.<br \/><br \/><strong>IMPARTIALITY AND EXPERTISE<\/strong><br \/>We guarantee objectivity, technical competence and professional integrity at all stages of the process.<br \/><br \/><\/p><p><strong>INFORMATION SECURITY<\/strong><br \/>We protect the confidentiality, integrity and availability of all information by implementing organizational and technical protection measures.<br \/><br \/><\/p><p><strong>RISK MANAGEMENT<\/strong><br \/>We systematically identify and manage risks related to quality, regulatory requirements and information security.<br \/><br \/><\/p><p><strong>COMPETENCE AND DEVELOPMENT<\/strong><br \/>We encourage a culture of professionalism and continuous employee development.<br \/><br \/><\/p><p><strong>COMPLIANCE AND RESPONSIBILITY<\/strong><br \/>We comply with all legal, regulatory and contractual obligations.<br \/><br \/><\/p><p>CONTINUOUS IMPROVEMENT<br \/>We regularly monitor the effectiveness of processes through audits, risk analyses and management reviews.<br \/><br \/><\/p><p>This policy is publicly available and is regularly reviewed to ensure its relevance, effectiveness and alignment with the strategic direction of INFRACERT d.o.o.<\/p>\t\t\t\t\t\t<\/div>\n\t\t\t\t<\/div>\n\t\t\t\t\t<\/div>\n\t\t<\/div>\n\t\t\t\t\t<\/div>\n\t\t<\/section>\n\t\t\t\t<\/div>","protected":false},"excerpt":{"rendered":"<p>POLITIKA INTEGRIRANOG SUSTAVA UPRAVLJANJA INFRACERT d.o.o INFRACERT d.o.o. posve\u0107en je pru\u017eanju stru\u010dnih, nepristranih i pouzdanih usluga tehni\u010dkog ispitivanja, analize i ocjenjivanja sukladnosti \u017eeljezni\u010dkih infrastrukturnih podsustava i vozila u skladu s va\u017ee\u0107im europskim i nacionalnim propisima. Integrirani sustav upravljanja obuhva\u0107a:\u2022 ISO 9001:2015 \u2013 Sustav upravljanja kvalitetom\u2022 ISO\/IEC 27001:2022 \u2013 Sustav upravljanja informacijskom sigurno\u0161\u0107u \u00a0 FOKUS NA [&hellip;]<\/p>","protected":false},"author":7,"featured_media":0,"parent":0,"menu_order":0,"comment_status":"closed","ping_status":"closed","template":"","meta":{"ocean_post_layout":"","ocean_both_sidebars_style":"","ocean_both_sidebars_content_width":0,"ocean_both_sidebars_sidebars_width":0,"ocean_sidebar":"","ocean_second_sidebar":"","ocean_disable_margins":"enable","ocean_add_body_class":"","ocean_shortcode_before_top_bar":"","ocean_shortcode_after_top_bar":"","ocean_shortcode_before_header":"","ocean_shortcode_after_header":"","ocean_has_shortcode":"","ocean_shortcode_after_title":"","ocean_shortcode_before_footer_widgets":"","ocean_shortcode_after_footer_widgets":"","ocean_shortcode_before_footer_bottom":"","ocean_shortcode_after_footer_bottom":"","ocean_display_top_bar":"default","ocean_display_header":"default","ocean_header_style":"","ocean_center_header_left_menu":"","ocean_custom_header_template":"","ocean_custom_logo":0,"ocean_custom_retina_logo":0,"ocean_custom_logo_max_width":0,"ocean_custom_logo_tablet_max_width":0,"ocean_custom_logo_mobile_max_width":0,"ocean_custom_logo_max_height":0,"ocean_custom_logo_tablet_max_height":0,"ocean_custom_logo_mobile_max_height":0,"ocean_header_custom_menu":"","ocean_menu_typo_font_family":"","ocean_menu_typo_font_subset":"","ocean_menu_typo_font_size":0,"ocean_menu_typo_font_size_tablet":0,"ocean_menu_typo_font_size_mobile":0,"ocean_menu_typo_font_size_unit":"px","ocean_menu_typo_font_weight":"","ocean_menu_typo_font_weight_tablet":"","ocean_menu_typo_font_weight_mobile":"","ocean_menu_typo_transform":"","ocean_menu_typo_transform_tablet":"","ocean_menu_typo_transform_mobile":"","ocean_menu_typo_line_height":0,"ocean_menu_typo_line_height_tablet":0,"ocean_menu_typo_line_height_mobile":0,"ocean_menu_typo_line_height_unit":"","ocean_menu_typo_spacing":0,"ocean_menu_typo_spacing_tablet":0,"ocean_menu_typo_spacing_mobile":0,"ocean_menu_typo_spacing_unit":"","ocean_menu_link_color":"","ocean_menu_link_color_hover":"","ocean_menu_link_color_active":"","ocean_menu_link_background":"","ocean_menu_link_hover_background":"","ocean_menu_link_active_background":"","ocean_menu_social_links_bg":"","ocean_menu_social_hover_links_bg":"","ocean_menu_social_links_color":"","ocean_menu_social_hover_links_color":"","ocean_disable_title":"default","ocean_disable_heading":"default","ocean_post_title":"","ocean_post_subheading":"","ocean_post_title_style":"","ocean_post_title_background_color":"","ocean_post_title_background":0,"ocean_post_title_bg_image_position":"","ocean_post_title_bg_image_attachment":"","ocean_post_title_bg_image_repeat":"","ocean_post_title_bg_image_size":"","ocean_post_title_height":0,"ocean_post_title_bg_overlay":0.5,"ocean_post_title_bg_overlay_color":"","ocean_disable_breadcrumbs":"default","ocean_breadcrumbs_color":"","ocean_breadcrumbs_separator_color":"","ocean_breadcrumbs_links_color":"","ocean_breadcrumbs_links_hover_color":"","ocean_display_footer_widgets":"default","ocean_display_footer_bottom":"default","ocean_custom_footer_template":"","footnotes":""},"yoast_head":"<!-- This site is optimized with the Yoast SEO plugin v22.9 - https:\/\/yoast.com\/wordpress\/plugins\/seo\/ -->\n<title>ISO - INFRACERT d.o.o.<\/title>\n<meta name=\"robots\" content=\"index, follow, max-snippet:-1, max-image-preview:large, max-video-preview:-1\" \/>\n<link rel=\"canonical\" href=\"https:\/\/infracert.hr\/en\/iso\/\" \/>\n<meta property=\"og:locale\" content=\"en_US\" \/>\n<meta property=\"og:type\" content=\"article\" \/>\n<meta property=\"og:title\" content=\"ISO - INFRACERT d.o.o.\" \/>\n<meta property=\"og:description\" content=\"POLITIKA INTEGRIRANOG SUSTAVA UPRAVLJANJA INFRACERT d.o.o INFRACERT d.o.o. posve\u0107en je pru\u017eanju stru\u010dnih, nepristranih i pouzdanih usluga tehni\u010dkog ispitivanja, analize i ocjenjivanja sukladnosti \u017eeljezni\u010dkih infrastrukturnih podsustava i vozila u skladu s va\u017ee\u0107im europskim i nacionalnim propisima. Integrirani sustav upravljanja obuhva\u0107a:\u2022 ISO 9001:2015 \u2013 Sustav upravljanja kvalitetom\u2022 ISO\/IEC 27001:2022 \u2013 Sustav upravljanja informacijskom sigurno\u0161\u0107u \u00a0 FOKUS NA [&hellip;]\" \/>\n<meta property=\"og:url\" content=\"https:\/\/infracert.hr\/en\/iso\/\" \/>\n<meta property=\"og:site_name\" content=\"INFRACERT d.o.o.\" \/>\n<meta property=\"article:modified_time\" content=\"2026-03-03T08:18:33+00:00\" \/>\n<meta name=\"twitter:card\" content=\"summary_large_image\" \/>\n<meta name=\"twitter:label1\" content=\"Est. reading time\" \/>\n\t<meta name=\"twitter:data1\" content=\"1 minute\" \/>\n<script type=\"application\/ld+json\" class=\"yoast-schema-graph\">{\"@context\":\"https:\/\/schema.org\",\"@graph\":[{\"@type\":\"WebPage\",\"@id\":\"https:\/\/infracert.hr\/iso\/\",\"url\":\"https:\/\/infracert.hr\/iso\/\",\"name\":\"ISO - INFRACERT d.o.o.\",\"isPartOf\":{\"@id\":\"https:\/\/infracert.hr\/#website\"},\"datePublished\":\"2026-03-03T08:12:58+00:00\",\"dateModified\":\"2026-03-03T08:18:33+00:00\",\"breadcrumb\":{\"@id\":\"https:\/\/infracert.hr\/iso\/#breadcrumb\"},\"inLanguage\":\"en-US\",\"potentialAction\":[{\"@type\":\"ReadAction\",\"target\":[\"https:\/\/infracert.hr\/iso\/\"]}]},{\"@type\":\"BreadcrumbList\",\"@id\":\"https:\/\/infracert.hr\/iso\/#breadcrumb\",\"itemListElement\":[{\"@type\":\"ListItem\",\"position\":1,\"name\":\"Home\",\"item\":\"https:\/\/infracert.hr\/\"},{\"@type\":\"ListItem\",\"position\":2,\"name\":\"ISO\"}]},{\"@type\":\"WebSite\",\"@id\":\"https:\/\/infracert.hr\/#website\",\"url\":\"https:\/\/infracert.hr\/\",\"name\":\"INFRACERT d.o.o.\",\"description\":\"pru\u017eanje \u017eeljezni\u010dkih usluga\",\"publisher\":{\"@id\":\"https:\/\/infracert.hr\/#organization\"},\"potentialAction\":[{\"@type\":\"SearchAction\",\"target\":{\"@type\":\"EntryPoint\",\"urlTemplate\":\"https:\/\/infracert.hr\/?s={search_term_string}\"},\"query-input\":\"required name=search_term_string\"}],\"inLanguage\":\"en-US\"},{\"@type\":\"Organization\",\"@id\":\"https:\/\/infracert.hr\/#organization\",\"name\":\"INFRACERT d.o.o.\",\"url\":\"https:\/\/infracert.hr\/\",\"logo\":{\"@type\":\"ImageObject\",\"inLanguage\":\"en-US\",\"@id\":\"https:\/\/infracert.hr\/#\/schema\/logo\/image\/\",\"url\":\"https:\/\/infracert.hr\/wp-content\/uploads\/2024\/04\/INFRACERT_color_black.png\",\"contentUrl\":\"https:\/\/infracert.hr\/wp-content\/uploads\/2024\/04\/INFRACERT_color_black.png\",\"width\":230,\"height\":52,\"caption\":\"INFRACERT d.o.o.\"},\"image\":{\"@id\":\"https:\/\/infracert.hr\/#\/schema\/logo\/image\/\"}}]}<\/script>\n<!-- \/ Yoast SEO plugin. -->","yoast_head_json":{"title":"ISO - INFRACERT d.o.o.","robots":{"index":"index","follow":"follow","max-snippet":"max-snippet:-1","max-image-preview":"max-image-preview:large","max-video-preview":"max-video-preview:-1"},"canonical":"https:\/\/infracert.hr\/en\/iso\/","og_locale":"en_US","og_type":"article","og_title":"ISO - INFRACERT d.o.o.","og_description":"POLITIKA INTEGRIRANOG SUSTAVA UPRAVLJANJA INFRACERT d.o.o INFRACERT d.o.o. posve\u0107en je pru\u017eanju stru\u010dnih, nepristranih i pouzdanih usluga tehni\u010dkog ispitivanja, analize i ocjenjivanja sukladnosti \u017eeljezni\u010dkih infrastrukturnih podsustava i vozila u skladu s va\u017ee\u0107im europskim i nacionalnim propisima. Integrirani sustav upravljanja obuhva\u0107a:\u2022 ISO 9001:2015 \u2013 Sustav upravljanja kvalitetom\u2022 ISO\/IEC 27001:2022 \u2013 Sustav upravljanja informacijskom sigurno\u0161\u0107u \u00a0 FOKUS NA [&hellip;]","og_url":"https:\/\/infracert.hr\/en\/iso\/","og_site_name":"INFRACERT d.o.o.","article_modified_time":"2026-03-03T08:18:33+00:00","twitter_card":"summary_large_image","twitter_misc":{"Est. reading time":"1 minute"},"schema":{"@context":"https:\/\/schema.org","@graph":[{"@type":"WebPage","@id":"https:\/\/infracert.hr\/iso\/","url":"https:\/\/infracert.hr\/iso\/","name":"ISO - INFRACERT d.o.o.","isPartOf":{"@id":"https:\/\/infracert.hr\/#website"},"datePublished":"2026-03-03T08:12:58+00:00","dateModified":"2026-03-03T08:18:33+00:00","breadcrumb":{"@id":"https:\/\/infracert.hr\/iso\/#breadcrumb"},"inLanguage":"en-US","potentialAction":[{"@type":"ReadAction","target":["https:\/\/infracert.hr\/iso\/"]}]},{"@type":"BreadcrumbList","@id":"https:\/\/infracert.hr\/iso\/#breadcrumb","itemListElement":[{"@type":"ListItem","position":1,"name":"Home","item":"https:\/\/infracert.hr\/"},{"@type":"ListItem","position":2,"name":"ISO"}]},{"@type":"WebSite","@id":"https:\/\/infracert.hr\/#website","url":"https:\/\/infracert.hr\/","name":"INFRACERT d.o.o.","description":"pru\u017eanje \u017eeljezni\u010dkih usluga","publisher":{"@id":"https:\/\/infracert.hr\/#organization"},"potentialAction":[{"@type":"SearchAction","target":{"@type":"EntryPoint","urlTemplate":"https:\/\/infracert.hr\/?s={search_term_string}"},"query-input":"required name=search_term_string"}],"inLanguage":"en-US"},{"@type":"Organization","@id":"https:\/\/infracert.hr\/#organization","name":"INFRACERT d.o.o.","url":"https:\/\/infracert.hr\/","logo":{"@type":"ImageObject","inLanguage":"en-US","@id":"https:\/\/infracert.hr\/#\/schema\/logo\/image\/","url":"https:\/\/infracert.hr\/wp-content\/uploads\/2024\/04\/INFRACERT_color_black.png","contentUrl":"https:\/\/infracert.hr\/wp-content\/uploads\/2024\/04\/INFRACERT_color_black.png","width":230,"height":52,"caption":"INFRACERT d.o.o."},"image":{"@id":"https:\/\/infracert.hr\/#\/schema\/logo\/image\/"}}]}},"_links":{"self":[{"href":"https:\/\/infracert.hr\/en\/wp-json\/wp\/v2\/pages\/2171"}],"collection":[{"href":"https:\/\/infracert.hr\/en\/wp-json\/wp\/v2\/pages"}],"about":[{"href":"https:\/\/infracert.hr\/en\/wp-json\/wp\/v2\/types\/page"}],"author":[{"embeddable":true,"href":"https:\/\/infracert.hr\/en\/wp-json\/wp\/v2\/users\/7"}],"replies":[{"embeddable":true,"href":"https:\/\/infracert.hr\/en\/wp-json\/wp\/v2\/comments?post=2171"}],"version-history":[{"count":5,"href":"https:\/\/infracert.hr\/en\/wp-json\/wp\/v2\/pages\/2171\/revisions"}],"predecessor-version":[{"id":2176,"href":"https:\/\/infracert.hr\/en\/wp-json\/wp\/v2\/pages\/2171\/revisions\/2176"}],"wp:attachment":[{"href":"https:\/\/infracert.hr\/en\/wp-json\/wp\/v2\/media?parent=2171"}],"curies":[{"name":"wp","href":"https:\/\/api.w.org\/{rel}","templated":true}]}}