{"id":11225,"date":"2026-03-26T14:47:50","date_gmt":"2026-03-26T14:47:50","guid":{"rendered":"https:\/\/dev2.dev.conext.pl\/6\/?page_id=11225"},"modified":"2026-03-26T16:37:09","modified_gmt":"2026-03-26T16:37:09","slug":"our-services","status":"publish","type":"page","link":"https:\/\/infracert.hr\/hr\/our-services\/","title":{"rendered":"Na\u0161e usluge"},"content":{"rendered":"<div data-elementor-type=\"wp-page\" data-elementor-id=\"11225\" class=\"elementor elementor-11225\">\n\t\t\t\t\t\t<section class=\"elementor-section elementor-top-section elementor-element elementor-element-69e07d8 elementor-section-stretched elementor-section-boxed elementor-section-height-default elementor-section-height-default\" data-id=\"69e07d8\" data-element_type=\"section\" data-e-type=\"section\" data-settings=\"{&quot;stretch_section&quot;:&quot;section-stretched&quot;}\">\n\t\t\t\t\t\t<div class=\"elementor-container elementor-column-gap-default\">\n\t\t\t\t\t<div class=\"elementor-column elementor-col-100 elementor-top-column elementor-element elementor-element-4e83839\" data-id=\"4e83839\" data-element_type=\"column\" data-e-type=\"column\" data-settings=\"{&quot;background_background&quot;:&quot;classic&quot;}\">\n\t\t\t<div class=\"elementor-widget-wrap elementor-element-populated\">\n\t\t\t\t\t\t<div class=\"elementor-element elementor-element-b4dc429 elementor-widget elementor-widget-react-heading\" data-id=\"b4dc429\" data-element_type=\"widget\" data-e-type=\"widget\" data-widget_type=\"react-heading.default\">\n\t\t\t\t<div class=\"elementor-widget-container\">\n\t\t\t\t\t\t  \r\n        <div class=\"react-heading default\">\r\n        \t<div class=\"title-inner no\">        \t\t      \t\t\r\n\t            <span class=\"sub-text\">Na\u0161e usluge<\/span><h2 class=\"title\">\u017deljezni\u010dke certifikacijske usluge<\/h2>\t        <\/div>\r\n\t\t\t<span class=\"watermark\">Usluge<\/span>\t        \r\n\t            \r\n        <\/div>\r\n        \t\t\t\t<\/div>\n\t\t\t\t<\/div>\n\t\t\t\t<section class=\"elementor-section elementor-inner-section elementor-element elementor-element-562817d elementor-section-boxed elementor-section-height-default elementor-section-height-default\" data-id=\"562817d\" data-element_type=\"section\" data-e-type=\"section\">\n\t\t\t\t\t\t<div class=\"elementor-container elementor-column-gap-no\">\n\t\t\t\t\t<div class=\"elementor-column elementor-col-50 elementor-inner-column elementor-element elementor-element-ce48325\" data-id=\"ce48325\" data-element_type=\"column\" data-e-type=\"column\">\n\t\t\t<div class=\"elementor-widget-wrap elementor-element-populated\">\n\t\t\t\t\t\t<div class=\"elementor-element elementor-element-a454fa5 elementor-widget elementor-widget-rt-service-grid\" data-id=\"a454fa5\" data-element_type=\"widget\" data-e-type=\"widget\" data-widget_type=\"rt-service-grid.default\">\n\t\t\t\t<div class=\"elementor-widget-container\">\n\t\t\t\t\t<div class=\"react-addon-services services-style2 gray_\">\r\n    <div class=\"services-part\">    \r\n\t\t\t    \t\t<div class=\"services-icon\">\r\n\t\t    \t\t\t\t    \t\t\t\t    \t\t\t<img decoding=\"async\" src=\"https:\/\/dev2.dev.conext.pl\/6\/wp-content\/uploads\/2026\/03\/DEBO.png\" alt=\"image\"\/>\r\n\t\t    \t\t\t    \t\t<\/div>\t\r\n\t    \t\t\t\t    \t\t       \r\n\t    <div class=\"services-text\">\r\n\t    \t\r\n\t    \t\t\t    \t<div class=\"services-title\">\t\t    \t\t\r\n\t\t    \t\t\r\n\t\t    \t\t\t\t    \t\t\t<h4 class=\"title\">\t Imenovano tijelo (DeBo)<\/h4>\r\n\t\t    \t\t\t\t\t\t    \t\t\r\n\t\t    \t<\/div>\r\n\t    \t\t\r\n\r\n\t    \t\t    \t\t<p class=\"services-txt\">  <p data-start=\"1608\" data-end=\"1918\">Infracert d.o.o. ovla\u0161ten je kao <strong>Imenovano tijelo<\/strong> odgovorni za provedbu postupaka ocjenjivanja sukladnosti \u017eeljezni\u010dkih podsustava u skladu s nacionalnim tehni\u010dkim pravilima. Na\u0161e usluge obuhva\u0107aju klju\u010dne strukturne podsustave kao \u0161to su <strong>infrastruktura<\/strong>, <strong>energija<\/strong>, <strong>signaliziranje<\/strong> i <strong>vozna sredstva<\/strong>.<\/p>\n<p data-start=\"1920\" data-end=\"2130\">Kroz strukturiran i profesionalan pristup osiguravamo da \u017eeljezni\u010dki projekti zadovoljavaju sve potrebne nacionalne standarde, podr\u017eavaju\u0107i investitore, izvo\u0111a\u010de i partnerske projekte tijekom procesa certificiranja.<\/p><\/p>\t\r\n\t    \t\t\r\n\r\n\t   \r\n    \t\r\n\t    \t<div class=\"services-btn-part\">\r\n\t    \t\t\t    \t\t\r\n    \t\t\t<a class=\"services-btn icon-before\" href=\"\/hr\/debo\/\" >\r\n\r\n    \t\t\t\t<span class=\"btn_text\">\r\n    \t\t\t\t\tPro\u010ditaj vi\u0161e    \t\t\t\t\t\t\r\n    \t\t\t\t<\/span>\r\n\t\t\t\t\t\t\t\t\t\t\t<i aria-hidden=\"true\" class=\"fas fa-arrow-right\"><\/i>\t\t\t\t\t\t\t    \t\t\t<\/a>\t    \t\t    \t\t\r\n\t    \t\t\r\n\t    \t<\/div>\r\n    \t\t \t\r\n\r\n\t    <\/div>\r\n\t<\/div>\r\n<\/div>\t\t\t\t<\/div>\n\t\t\t\t<\/div>\n\t\t\t\t\t<\/div>\n\t\t<\/div>\n\t\t\t\t<div class=\"elementor-column elementor-col-50 elementor-inner-column elementor-element elementor-element-45d4a8d\" data-id=\"45d4a8d\" data-element_type=\"column\" data-e-type=\"column\">\n\t\t\t<div class=\"elementor-widget-wrap elementor-element-populated\">\n\t\t\t\t\t\t<div class=\"elementor-element elementor-element-6af7489 elementor-widget elementor-widget-rt-service-grid\" data-id=\"6af7489\" data-element_type=\"widget\" data-e-type=\"widget\" data-widget_type=\"rt-service-grid.default\">\n\t\t\t\t<div class=\"elementor-widget-container\">\n\t\t\t\t\t<div class=\"react-addon-services services-style2 gray_no\">\r\n    <div class=\"services-part\">    \r\n\t\t\t    \t\t<div class=\"services-icon\">\r\n\t\t    \t\t\t\t    \t\t\t\t    \t\t\t<img decoding=\"async\" src=\"https:\/\/dev2.dev.conext.pl\/6\/wp-content\/uploads\/2026\/03\/NOBO-1.png\" alt=\"image\"\/>\r\n\t\t    \t\t\t    \t\t<\/div>\t\r\n\t    \t\t\t\t    \t\t       \r\n\t    <div class=\"services-text\">\r\n\t    \t\r\n\t    \t\t\t    \t<div class=\"services-title\">\t\t    \t\t\r\n\t\t    \t\t\r\n\t\t    \t\t\t\t    \t\t\t<h4 class=\"title\">\t Prijavljeno tijelo (NoBo)<\/h4>\r\n\t\t    \t\t\t\t\t\t    \t\t\r\n\t\t    \t<\/div>\r\n\t    \t\t\r\n\r\n\t    \t\t    \t\t<p class=\"services-txt\">  <p data-start=\"944\" data-end=\"1267\">Kao registrirani <strong>Imenovani subjekt,<\/strong> Infracert pru\u017ea ocjenu sukladnosti \u017eeljezni\u010dkih podsustava u skladu s Tehni\u010dkim specifikacijama za interoperabilnost (TSI) i europskim propisima. Na\u0161e usluge uklju\u010duju <strong>neovisna provjera<\/strong> i <strong>certifikacija<\/strong> potrebno za izdavanje EC izjava o sukladnosti.<\/p>\n<p data-start=\"1269\" data-end=\"1483\">Podupiremo projekte koji obuhva\u0107aju infrastrukturu, energiju te sustave upravljanja i signalizacije, poma\u017eu\u0107i u osiguravanju potpune uskla\u0111enosti s EU standardima i omogu\u0107uju\u0107i nesmetanu integraciju u europsku \u017eeljezni\u010dku mre\u017eu.<\/p><\/p>\t\r\n\t    \t\t\r\n\r\n\t   \r\n    \t\r\n\t    \t<div class=\"services-btn-part\">\r\n\t    \t\t\t    \t\t\r\n    \t\t\t<a class=\"services-btn icon-before\" href=\"\/hr\/nobo\/\" >\r\n\r\n    \t\t\t\t<span class=\"btn_text\">\r\n    \t\t\t\t\tPro\u010ditaj vi\u0161e    \t\t\t\t\t\t\r\n    \t\t\t\t<\/span>\r\n\t\t\t\t\t\t\t\t\t\t\t<i aria-hidden=\"true\" class=\"fas fa-arrow-right\"><\/i>\t\t\t\t\t\t\t    \t\t\t<\/a>\t    \t\t    \t\t\r\n\t    \t\t\r\n\t    \t<\/div>\r\n    \t\t \t\r\n\r\n\t    <\/div>\r\n\t<\/div>\r\n<\/div>\t\t\t\t<\/div>\n\t\t\t\t<\/div>\n\t\t\t\t\t<\/div>\n\t\t<\/div>\n\t\t\t\t\t<\/div>\n\t\t<\/section>\n\t\t\t\t\t<\/div>\n\t\t<\/div>\n\t\t\t\t\t<\/div>\n\t\t<\/section>\n\t\t\t\t<\/div>","protected":false},"excerpt":{"rendered":"<p>Our Services Railway Certification Services Services Designated Body (DeBo) Infracert d.o.o. has been authorized as a Designated Body responsible for conducting conformity assessment procedures of railway subsystems in accordance with national technical rules. Our services cover key structural subsystems such as infrastructure, energy, signalling and rolling stock. Through a structured and professional approach, we ensure&#8230;<\/p>","protected":false},"author":1,"featured_media":0,"parent":0,"menu_order":0,"comment_status":"closed","ping_status":"closed","template":"","meta":{"footnotes":""},"class_list":["post-11225","page","type-page","status-publish","hentry"],"_links":{"self":[{"href":"https:\/\/infracert.hr\/hr\/wp-json\/wp\/v2\/pages\/11225","targetHints":{"allow":["GET"]}}],"collection":[{"href":"https:\/\/infracert.hr\/hr\/wp-json\/wp\/v2\/pages"}],"about":[{"href":"https:\/\/infracert.hr\/hr\/wp-json\/wp\/v2\/types\/page"}],"author":[{"embeddable":true,"href":"https:\/\/infracert.hr\/hr\/wp-json\/wp\/v2\/users\/1"}],"replies":[{"embeddable":true,"href":"https:\/\/infracert.hr\/hr\/wp-json\/wp\/v2\/comments?post=11225"}],"version-history":[{"count":7,"href":"https:\/\/infracert.hr\/hr\/wp-json\/wp\/v2\/pages\/11225\/revisions"}],"predecessor-version":[{"id":11315,"href":"https:\/\/infracert.hr\/hr\/wp-json\/wp\/v2\/pages\/11225\/revisions\/11315"}],"wp:attachment":[{"href":"https:\/\/infracert.hr\/hr\/wp-json\/wp\/v2\/media?parent=11225"}],"curies":[{"name":"wp","href":"https:\/\/api.w.org\/{rel}","templated":true}]}}