{"id":11230,"date":"2026-03-26T14:57:22","date_gmt":"2026-03-26T14:57:22","guid":{"rendered":"https:\/\/dev2.dev.conext.pl\/6\/?page_id=11230"},"modified":"2026-03-27T18:49:49","modified_gmt":"2026-03-27T18:49:49","slug":"debo","status":"publish","type":"page","link":"https:\/\/infracert.hr\/hr\/debo\/","title":{"rendered":"Imenovano tijelo (DeBo)"},"content":{"rendered":"<div data-elementor-type=\"wp-page\" data-elementor-id=\"11230\" class=\"elementor elementor-11230\">\n\t\t\t\t\t\t<section class=\"elementor-section elementor-top-section elementor-element elementor-element-333875a elementor-section-stretched elementor-section-boxed elementor-section-height-default elementor-section-height-default\" data-id=\"333875a\" data-element_type=\"section\" data-e-type=\"section\" data-settings=\"{&quot;stretch_section&quot;:&quot;section-stretched&quot;,&quot;background_background&quot;:&quot;classic&quot;}\">\n\t\t\t\t\t\t<div class=\"elementor-container elementor-column-gap-default\">\n\t\t\t\t\t<div class=\"elementor-column elementor-col-50 elementor-top-column elementor-element elementor-element-fc3d8fc elementor-hidden-tablet elementor-hidden-mobile\" data-id=\"fc3d8fc\" data-element_type=\"column\" data-e-type=\"column\">\n\t\t\t<div class=\"elementor-widget-wrap elementor-element-populated\">\n\t\t\t\t\t\t<div class=\"elementor-element elementor-element-d30da16 elementor-widget elementor-widget-image\" data-id=\"d30da16\" data-element_type=\"widget\" data-e-type=\"widget\" data-widget_type=\"image.default\">\n\t\t\t\t\t\t\t\t\t\t\t\t\t\t\t<img fetchpriority=\"high\" decoding=\"async\" width=\"675\" height=\"1215\" src=\"https:\/\/infracert.hr\/wp-content\/uploads\/2026\/03\/Infr_photo17.png\" class=\"attachment-full size-full wp-image-11238\" alt=\"\" srcset=\"https:\/\/infracert.hr\/wp-content\/uploads\/2026\/03\/Infr_photo17.png 675w, https:\/\/infracert.hr\/wp-content\/uploads\/2026\/03\/Infr_photo17-167x300.png 167w, https:\/\/infracert.hr\/wp-content\/uploads\/2026\/03\/Infr_photo17-569x1024.png 569w\" sizes=\"(max-width: 675px) 100vw, 675px\" \/>\t\t\t\t\t\t\t\t\t\t\t\t\t\t\t<\/div>\n\t\t\t\t<div class=\"elementor-element elementor-element-e5c7deb elementor-widget__width-auto elementor-absolute elementor-widget elementor-widget-rt-react-image\" data-id=\"e5c7deb\" data-element_type=\"widget\" data-e-type=\"widget\" data-settings=\"{&quot;_position&quot;:&quot;absolute&quot;}\" data-widget_type=\"rt-react-image.default\">\n\t\t\t\t<div class=\"elementor-widget-container\">\n\t\t\t\t\t        <div class=\"react-image yes\">\n                            <img decoding=\"async\" class=\"react-multi-image veritcal image-rotate image-scale\" src=\"https:\/\/dev2.dev.conext.pl\/6\/wp-content\/uploads\/2026\/03\/Infr_photo18.png\" alt=\"image\"\/>\n                    <\/div>\n          \n    \t\t\t\t<\/div>\n\t\t\t\t<\/div>\n\t\t\t\t\t<\/div>\n\t\t<\/div>\n\t\t\t\t<div class=\"elementor-column elementor-col-50 elementor-top-column elementor-element elementor-element-019ac3a\" data-id=\"019ac3a\" data-element_type=\"column\" data-e-type=\"column\">\n\t\t\t<div class=\"elementor-widget-wrap elementor-element-populated\">\n\t\t\t\t\t\t<section class=\"elementor-section elementor-inner-section elementor-element elementor-element-20233ff elementor-section-boxed elementor-section-height-default elementor-section-height-default\" data-id=\"20233ff\" data-element_type=\"section\" data-e-type=\"section\">\n\t\t\t\t\t\t<div class=\"elementor-container elementor-column-gap-default\">\n\t\t\t\t\t<div class=\"elementor-column elementor-col-100 elementor-inner-column elementor-element elementor-element-9a786b0\" data-id=\"9a786b0\" data-element_type=\"column\" data-e-type=\"column\">\n\t\t\t<div class=\"elementor-widget-wrap elementor-element-populated\">\n\t\t\t\t\t\t<div class=\"elementor-element elementor-element-759e161 elementor-widget elementor-widget-react-heading\" data-id=\"759e161\" data-element_type=\"widget\" data-e-type=\"widget\" data-widget_type=\"react-heading.default\">\n\t\t\t\t<div class=\"elementor-widget-container\">\n\t\t\t\t\t\t  \r\n        <div class=\"react-heading default\">\r\n        \t<div class=\"title-inner no\">        \t\t      \t\t\r\n\t            <span class=\"sub-text\">DESIGNATED BODY (DEBO)<\/span><h2 class=\"title\">Conformity Assessment According to National Rules<\/h2>\t        <\/div>\r\n\t\t\t<span class=\"watermark\">DeBo<\/span>\t                    \t<div  class=\"description\">\r\n            \t\t<p data-start=\"475\" data-end=\"650\">INFRACERT d.o.o. is authorized as a Designated Body (DeBo) responsible for the conformity assessment of railway subsystems in accordance with national rules.\u00a0<\/p><p data-start=\"652\" data-end=\"986\">As an authorized body, the company performs verification of structural subsystems within railway systems, ensuring compliance with all applicable national regulatory requirements. With a strong technical background and regulatory expertise, we help ensure that railway systems are compliant, safe and ready for implementation.<\/p><p data-start=\"1399\" data-end=\"1487\"><strong>Our scope of DeBo certification includes:<\/strong><\/p>            \t\t\r\n            \t<\/div>\r\n        \t\r\n\t            \r\n        <\/div>\r\n        \t\t\t\t<\/div>\n\t\t\t\t<\/div>\n\t\t\t\t<div class=\"elementor-element elementor-element-86096ab elementor-icon-list--layout-traditional elementor-list-item-link-full_width elementor-widget elementor-widget-icon-list\" data-id=\"86096ab\" data-element_type=\"widget\" data-e-type=\"widget\" data-widget_type=\"icon-list.default\">\n\t\t\t\t\t\t\t<ul class=\"elementor-icon-list-items\">\n\t\t\t\t\t\t\t<li class=\"elementor-icon-list-item\">\n\t\t\t\t\t\t\t\t\t\t\t<span class=\"elementor-icon-list-icon\">\n\t\t\t\t\t\t\t<svg aria-hidden=\"true\" class=\"e-font-icon-svg e-fas-long-arrow-alt-right\" viewbox=\"0 0 448 512\" xmlns=\"http:\/\/www.w3.org\/2000\/svg\"><path d=\"M313.941 216H12c-6.627 0-12 5.373-12 12v56c0 6.627 5.373 12 12 12h301.941v46.059c0 21.382 25.851 32.09 40.971 16.971l86.059-86.059c9.373-9.373 9.373-24.569 0-33.941l-86.059-86.059c-15.119-15.119-40.971-4.411-40.971 16.971V216z\"><\/path><\/svg>\t\t\t\t\t\t<\/span>\n\t\t\t\t\t\t\t\t\t\t<span class=\"elementor-icon-list-text\">Energy subsystem<\/span>\n\t\t\t\t\t\t\t\t\t<\/li>\n\t\t\t\t\t\t\t\t<li class=\"elementor-icon-list-item\">\n\t\t\t\t\t\t\t\t\t\t\t<span class=\"elementor-icon-list-icon\">\n\t\t\t\t\t\t\t<svg aria-hidden=\"true\" class=\"e-font-icon-svg e-fas-long-arrow-alt-right\" viewbox=\"0 0 448 512\" xmlns=\"http:\/\/www.w3.org\/2000\/svg\"><path d=\"M313.941 216H12c-6.627 0-12 5.373-12 12v56c0 6.627 5.373 12 12 12h301.941v46.059c0 21.382 25.851 32.09 40.971 16.971l86.059-86.059c9.373-9.373 9.373-24.569 0-33.941l-86.059-86.059c-15.119-15.119-40.971-4.411-40.971 16.971V216z\"><\/path><\/svg>\t\t\t\t\t\t<\/span>\n\t\t\t\t\t\t\t\t\t\t<span class=\"elementor-icon-list-text\">Infrastructure<\/span>\n\t\t\t\t\t\t\t\t\t<\/li>\n\t\t\t\t\t\t\t\t<li class=\"elementor-icon-list-item\">\n\t\t\t\t\t\t\t\t\t\t\t<span class=\"elementor-icon-list-icon\">\n\t\t\t\t\t\t\t<svg aria-hidden=\"true\" class=\"e-font-icon-svg e-fas-long-arrow-alt-right\" viewbox=\"0 0 448 512\" xmlns=\"http:\/\/www.w3.org\/2000\/svg\"><path d=\"M313.941 216H12c-6.627 0-12 5.373-12 12v56c0 6.627 5.373 12 12 12h301.941v46.059c0 21.382 25.851 32.09 40.971 16.971l86.059-86.059c9.373-9.373 9.373-24.569 0-33.941l-86.059-86.059c-15.119-15.119-40.971-4.411-40.971 16.971V216z\"><\/path><\/svg>\t\t\t\t\t\t<\/span>\n\t\t\t\t\t\t\t\t\t\t<span class=\"elementor-icon-list-text\">Trackside Control-Command and Signalling subsystem<\/span>\n\t\t\t\t\t\t\t\t\t<\/li>\n\t\t\t\t\t\t\t\t<li class=\"elementor-icon-list-item\">\n\t\t\t\t\t\t\t\t\t\t\t<span class=\"elementor-icon-list-icon\">\n\t\t\t\t\t\t\t<svg aria-hidden=\"true\" class=\"e-font-icon-svg e-fas-long-arrow-alt-right\" viewbox=\"0 0 448 512\" xmlns=\"http:\/\/www.w3.org\/2000\/svg\"><path d=\"M313.941 216H12c-6.627 0-12 5.373-12 12v56c0 6.627 5.373 12 12 12h301.941v46.059c0 21.382 25.851 32.09 40.971 16.971l86.059-86.059c9.373-9.373 9.373-24.569 0-33.941l-86.059-86.059c-15.119-15.119-40.971-4.411-40.971 16.971V216z\"><\/path><\/svg>\t\t\t\t\t\t<\/span>\n\t\t\t\t\t\t\t\t\t\t<span class=\"elementor-icon-list-text\">On-Board Control-Command and Signalling subsystem<\/span>\n\t\t\t\t\t\t\t\t\t<\/li>\n\t\t\t\t\t\t\t\t<li class=\"elementor-icon-list-item\">\n\t\t\t\t\t\t\t\t\t\t\t<span class=\"elementor-icon-list-icon\">\n\t\t\t\t\t\t\t<svg aria-hidden=\"true\" class=\"e-font-icon-svg e-fas-long-arrow-alt-right\" viewbox=\"0 0 448 512\" xmlns=\"http:\/\/www.w3.org\/2000\/svg\"><path d=\"M313.941 216H12c-6.627 0-12 5.373-12 12v56c0 6.627 5.373 12 12 12h301.941v46.059c0 21.382 25.851 32.09 40.971 16.971l86.059-86.059c9.373-9.373 9.373-24.569 0-33.941l-86.059-86.059c-15.119-15.119-40.971-4.411-40.971 16.971V216z\"><\/path><\/svg>\t\t\t\t\t\t<\/span>\n\t\t\t\t\t\t\t\t\t\t<span class=\"elementor-icon-list-text\">Rolling stock<\/span>\n\t\t\t\t\t\t\t\t\t<\/li>\n\t\t\t\t\t\t<\/ul>\n\t\t\t\t\t\t<\/div>\n\t\t\t\t<div class=\"elementor-element elementor-element-954a6ca elementor-widget elementor-widget-qi_addons_for_elementor_info_cards\" data-id=\"954a6ca\" data-element_type=\"widget\" data-e-type=\"widget\" data-widget_type=\"qi_addons_for_elementor_info_cards.default\">\n\t\t\t\t<div class=\"elementor-widget-container\">\n\t\t\t\t\t<div class=\"qodef-shortcode qodef-m qodef-qi-info-cards qodef-layout--top qodef-link-overlay qodef--\">\n\t\t<div class=\"qodef-m-content\">\n\t\t\t\t\t<h2 class=\"qodef-m-title\">\n\t\t\t\t\tAuthorization Reference:\t\t\t<\/h2>\n\t\t\t<p class=\"qodef-m-text\">INFRACERT d.o.o. has been authorized as a Designated Body (DeBo) by decision of the Ministry of the Sea, Transport and Infrastructure (KLASA: UP\/1-341-01\/19-01\/6, URBROJ: 530-08-2-1-1-19-5) dated May 28, 2019, and by decision (KLASA: UP\/I-341-01\/21-01\/3; URBROJ: 530-08-2-1-1-21-2) dated March 23, 2021.<\/p>\n\t<\/div>\n\t\t<\/div>\n\t\t\t\t<\/div>\n\t\t\t\t<\/div>\n\t\t\t\t\t<\/div>\n\t\t<\/div>\n\t\t\t\t\t<\/div>\n\t\t<\/section>\n\t\t\t\t\t<\/div>\n\t\t<\/div>\n\t\t\t\t\t<\/div>\n\t\t<\/section>\n\t\t\t\t<section class=\"elementor-section elementor-top-section elementor-element elementor-element-ef04e6b elementor-section-stretched elementor-section-full_width elementor-section-height-default elementor-section-height-default\" data-id=\"ef04e6b\" data-element_type=\"section\" data-e-type=\"section\" data-settings=\"{&quot;stretch_section&quot;:&quot;section-stretched&quot;,&quot;background_background&quot;:&quot;classic&quot;}\">\n\t\t\t\t\t\t\t<div class=\"elementor-background-overlay\"><\/div>\n\t\t\t\t\t\t\t<div class=\"elementor-container elementor-column-gap-default\">\n\t\t\t\t\t<div class=\"elementor-column elementor-col-100 elementor-top-column elementor-element elementor-element-2e95f94 finbiz-primary-bg\" data-id=\"2e95f94\" data-element_type=\"column\" data-e-type=\"column\" data-settings=\"{&quot;background_background&quot;:&quot;classic&quot;}\">\n\t\t\t<div class=\"elementor-widget-wrap elementor-element-populated\">\n\t\t\t\t\t<div class=\"elementor-background-overlay\"><\/div>\n\t\t\t\t\t\t<section class=\"elementor-section elementor-inner-section elementor-element elementor-element-63d3ecb elementor-section-content-middle elementor-section-boxed elementor-section-height-default elementor-section-height-default\" data-id=\"63d3ecb\" data-element_type=\"section\" data-e-type=\"section\">\n\t\t\t\t\t\t<div class=\"elementor-container elementor-column-gap-no\">\n\t\t\t\t\t<div class=\"elementor-column elementor-col-50 elementor-inner-column elementor-element elementor-element-810bb7d\" data-id=\"810bb7d\" data-element_type=\"column\" data-e-type=\"column\">\n\t\t\t<div class=\"elementor-widget-wrap elementor-element-populated\">\n\t\t\t\t\t\t<div class=\"elementor-element elementor-element-63c1cf6 elementor-widget elementor-widget-heading\" data-id=\"63c1cf6\" data-element_type=\"widget\" data-e-type=\"widget\" data-widget_type=\"heading.default\">\n\t\t\t\t\t<h3 class=\"elementor-heading-title elementor-size-default\">Uvjerimo se da va\u0161 \u017eeljezni\u010dki projekt udovoljava svim certifikacijskim zahtjevima.<\/h3>\t\t\t\t<\/div>\n\t\t\t\t\t<\/div>\n\t\t<\/div>\n\t\t\t\t<div class=\"elementor-column elementor-col-50 elementor-inner-column elementor-element elementor-element-99dc20f\" data-id=\"99dc20f\" data-element_type=\"column\" data-e-type=\"column\">\n\t\t\t<div class=\"elementor-widget-wrap elementor-element-populated\">\n\t\t\t\t\t\t<div class=\"elementor-element elementor-element-43c0ac5 elementor-widget elementor-widget-react-button\" data-id=\"43c0ac5\" data-element_type=\"widget\" data-e-type=\"widget\" data-widget_type=\"react-button.default\">\n\t\t\t\t<div class=\"elementor-widget-container\">\n\t\t\t\t\t\t\r\n\t\t\r\n\t\t<div class=\"react-button\">\r\n\t\t\t\t\t\t<a class=\"react_button\" href=\"\/hr\/contact\/\" >\t\t\t\t\r\n\t\t\t\r\n\t\t\t\t\r\n\t\t\t<span class=\"btn_text\">Kontaktirajte nas<\/span>\r\n\t\t\t\t\t\t\t<\/a>\r\n\t\t<\/div>    \r\n\t\t\t\t\t<\/div>\n\t\t\t\t<\/div>\n\t\t\t\t\t<\/div>\n\t\t<\/div>\n\t\t\t\t\t<\/div>\n\t\t<\/section>\n\t\t\t\t\t<\/div>\n\t\t<\/div>\n\t\t\t\t\t<\/div>\n\t\t<\/section>\n\t\t\t\t<section class=\"elementor-section elementor-top-section elementor-element elementor-element-a1a79d6 elementor-section-stretched elementor-section-boxed elementor-section-height-default elementor-section-height-default\" data-id=\"a1a79d6\" data-element_type=\"section\" data-e-type=\"section\" data-settings=\"{&quot;stretch_section&quot;:&quot;section-stretched&quot;}\">\n\t\t\t\t\t\t<div class=\"elementor-container elementor-column-gap-default\">\n\t\t\t\t\t<div class=\"elementor-column elementor-col-100 elementor-top-column elementor-element elementor-element-dee07b8\" data-id=\"dee07b8\" data-element_type=\"column\" data-e-type=\"column\" data-settings=\"{&quot;background_background&quot;:&quot;classic&quot;}\">\n\t\t\t<div class=\"elementor-widget-wrap elementor-element-populated\">\n\t\t\t\t\t\t<div class=\"elementor-element elementor-element-fa783a7 elementor-widget elementor-widget-react-heading\" data-id=\"fa783a7\" data-element_type=\"widget\" data-e-type=\"widget\" data-widget_type=\"react-heading.default\">\n\t\t\t\t<div class=\"elementor-widget-container\">\n\t\t\t\t\t\t  \r\n        <div class=\"react-heading default\">\r\n        \t<div class=\"title-inner no\">        \t\t      \t\t\r\n\t            <span class=\"sub-text\">Na\u0161i partneri<\/span><h2 class=\"title\">Zajedno za bolja \u017eeljezni\u010dka rje\u0161enja<\/h2>\t        <\/div>\r\n\t\t\t<span class=\"watermark\">Partneri<\/span>\t                    \t<div  class=\"description\">\r\n            \t\t<p>Na\u0161i poslovni partneri, s kojima smo uspostavili formalne sporazume o suradnji, <br \/>igraju va\u017enu ulogu u pru\u017eanju pouzdanih i profesionalnih usluga \u017eeljezni\u010dkih certifikata.<\/p>            \t\t\r\n            \t<\/div>\r\n        \t\r\n\t            \r\n        <\/div>\r\n        \t\t\t\t<\/div>\n\t\t\t\t<\/div>\n\t\t\t\t<div class=\"elementor-element elementor-element-3dbec9c elementor-widget elementor-widget-qi_addons_for_elementor_clients_slider\" data-id=\"3dbec9c\" data-element_type=\"widget\" data-e-type=\"widget\" data-widget_type=\"qi_addons_for_elementor_clients_slider.default\">\n\t\t\t\t<div class=\"elementor-widget-container\">\n\t\t\t\t\t<div class=\"qodef-shortcode qodef-m qodef-qi-clients-slider qodef--boxed qodef--hover-scale qodef-qi-grid qodef-qi-swiper-container qodef-pagination--outside qodef-pagination-alignment--center\" data-options=\"{&quot;direction&quot;:&quot;horizontal&quot;,&quot;slidesPerView&quot;:&quot;5&quot;,&quot;spaceBetween&quot;:60,&quot;spaceBetweenTablet&quot;:30,&quot;spaceBetweenMobile&quot;:30,&quot;effect&quot;:&quot;&quot;,&quot;loop&quot;:true,&quot;autoplay&quot;:true,&quot;centeredSlides&quot;:true,&quot;speed&quot;:&quot;&quot;,&quot;speedAnimation&quot;:&quot;&quot;,&quot;outsideNavigation&quot;:&quot;no&quot;,&quot;outsidePagination&quot;:&quot;yes&quot;,&quot;unique&quot;:&quot;1&quot;,&quot;partialValue&quot;:0,&quot;disablePartialValue&quot;:&quot;&quot;,&quot;parallax&quot;:&quot;no&quot;,&quot;customStages&quot;:true,&quot;slidesPerView1680&quot;:&quot;5&quot;,&quot;slidesPerView1440&quot;:&quot;5&quot;,&quot;slidesPerView1366&quot;:&quot;5&quot;,&quot;slidesPerView1024&quot;:&quot;5&quot;,&quot;slidesPerView768&quot;:&quot;4&quot;,&quot;slidesPerView680&quot;:&quot;4&quot;,&quot;slidesPerView480&quot;:&quot;3&quot;}\">\n\t<div class=\"swiper-wrapper\">\n\t\t<div class=\"qodef-e swiper-slide\">\n\t<div class=\"qodef-e-inner\">\n\t\t\t\t\t<a href=\"https:\/\/szz.hr\/\" target=\"_self\">\n\t\t\t\t<div class=\"qodef-e-images-holder\">\n\t\t\t\t\t\t\t<div class=\"qodef-e-main-image\">\n\t\t\t\t\t<img decoding=\"async\" width=\"400\" height=\"200\" src=\"https:\/\/infracert.hr\/wp-content\/uploads\/2026\/03\/IntracertHR_client7.png\" class=\"attachment-full size-full\" alt=\"\" srcset=\"https:\/\/infracert.hr\/wp-content\/uploads\/2026\/03\/IntracertHR_client7.png 400w, https:\/\/infracert.hr\/wp-content\/uploads\/2026\/03\/IntracertHR_client7-300x150.png 300w\" sizes=\"(max-width: 400px) 100vw, 400px\" \/>\t\t\t\t<\/div>\n\t\t\t\t\t\t\t\t<\/div>\n\t\t\t\t\t<\/a>\n\t\t\t\t\t\t\t<\/div>\n<\/div>\n<div class=\"qodef-e swiper-slide\">\n\t<div class=\"qodef-e-inner\">\n\t\t\t\t\t<a href=\"https:\/\/hdzi.hr\/wpnew\/\" target=\"_self\">\n\t\t\t\t<div class=\"qodef-e-images-holder\">\n\t\t\t\t\t\t\t<div class=\"qodef-e-main-image\">\n\t\t\t\t\t<img decoding=\"async\" width=\"400\" height=\"200\" src=\"https:\/\/infracert.hr\/wp-content\/uploads\/2026\/03\/IntracertHR_client1.png\" class=\"attachment-full size-full\" alt=\"\" srcset=\"https:\/\/infracert.hr\/wp-content\/uploads\/2026\/03\/IntracertHR_client1.png 400w, https:\/\/infracert.hr\/wp-content\/uploads\/2026\/03\/IntracertHR_client1-300x150.png 300w\" sizes=\"(max-width: 400px) 100vw, 400px\" \/>\t\t\t\t<\/div>\n\t\t\t\t\t\t\t\t<\/div>\n\t\t\t\t\t<\/a>\n\t\t\t\t\t\t\t<\/div>\n<\/div>\n<div class=\"qodef-e swiper-slide\">\n\t<div class=\"qodef-e-inner\">\n\t\t\t\t\t<a href=\"https:\/\/www.koncar-institut.hr\/\" target=\"_self\">\n\t\t\t\t<div class=\"qodef-e-images-holder\">\n\t\t\t\t\t\t\t<div class=\"qodef-e-main-image\">\n\t\t\t\t\t<img loading=\"lazy\" decoding=\"async\" width=\"400\" height=\"200\" src=\"https:\/\/infracert.hr\/wp-content\/uploads\/2026\/03\/IntracertHR_client3.png\" class=\"attachment-full size-full\" alt=\"\" srcset=\"https:\/\/infracert.hr\/wp-content\/uploads\/2026\/03\/IntracertHR_client3.png 400w, https:\/\/infracert.hr\/wp-content\/uploads\/2026\/03\/IntracertHR_client3-300x150.png 300w\" sizes=\"(max-width: 400px) 100vw, 400px\" \/>\t\t\t\t<\/div>\n\t\t\t\t\t\t\t\t<\/div>\n\t\t\t\t\t<\/a>\n\t\t\t\t\t\t\t<\/div>\n<\/div>\n<div class=\"qodef-e swiper-slide\">\n\t<div class=\"qodef-e-inner\">\n\t\t\t\t\t<a href=\"https:\/\/www.fer.unizg.hr\/\" target=\"_self\">\n\t\t\t\t<div class=\"qodef-e-images-holder\">\n\t\t\t\t\t\t\t<div class=\"qodef-e-main-image\">\n\t\t\t\t\t<img loading=\"lazy\" decoding=\"async\" width=\"400\" height=\"200\" src=\"https:\/\/infracert.hr\/wp-content\/uploads\/2026\/03\/IntracertHR_client8.png\" class=\"attachment-full size-full\" alt=\"\" srcset=\"https:\/\/infracert.hr\/wp-content\/uploads\/2026\/03\/IntracertHR_client8.png 400w, https:\/\/infracert.hr\/wp-content\/uploads\/2026\/03\/IntracertHR_client8-300x150.png 300w\" sizes=\"(max-width: 400px) 100vw, 400px\" \/>\t\t\t\t<\/div>\n\t\t\t\t\t\t\t\t<\/div>\n\t\t\t\t\t<\/a>\n\t\t\t\t\t\t\t<\/div>\n<\/div>\n<div class=\"qodef-e swiper-slide\">\n\t<div class=\"qodef-e-inner\">\n\t\t\t\t\t<a href=\"https:\/\/egk.hr\/\" target=\"_self\">\n\t\t\t\t<div class=\"qodef-e-images-holder\">\n\t\t\t\t\t\t\t<div class=\"qodef-e-main-image\">\n\t\t\t\t\t<img loading=\"lazy\" decoding=\"async\" width=\"400\" height=\"200\" src=\"https:\/\/infracert.hr\/wp-content\/uploads\/2026\/03\/IntracertHR_client4.png\" class=\"attachment-full size-full\" alt=\"\" srcset=\"https:\/\/infracert.hr\/wp-content\/uploads\/2026\/03\/IntracertHR_client4.png 400w, https:\/\/infracert.hr\/wp-content\/uploads\/2026\/03\/IntracertHR_client4-300x150.png 300w\" sizes=\"(max-width: 400px) 100vw, 400px\" \/>\t\t\t\t<\/div>\n\t\t\t\t\t\t\t\t<\/div>\n\t\t\t\t\t<\/a>\n\t\t\t\t\t\t\t<\/div>\n<\/div>\n<div class=\"qodef-e swiper-slide\">\n\t<div class=\"qodef-e-inner\">\n\t\t\t\t\t<a href=\"https:\/\/www.tuv.at\/\" target=\"_self\">\n\t\t\t\t<div class=\"qodef-e-images-holder\">\n\t\t\t\t\t\t\t<div class=\"qodef-e-main-image\">\n\t\t\t\t\t<img loading=\"lazy\" decoding=\"async\" width=\"400\" height=\"200\" src=\"https:\/\/infracert.hr\/wp-content\/uploads\/2026\/03\/IntracertHR_client6.png\" class=\"attachment-full size-full\" alt=\"\" srcset=\"https:\/\/infracert.hr\/wp-content\/uploads\/2026\/03\/IntracertHR_client6.png 400w, https:\/\/infracert.hr\/wp-content\/uploads\/2026\/03\/IntracertHR_client6-300x150.png 300w\" sizes=\"(max-width: 400px) 100vw, 400px\" \/>\t\t\t\t<\/div>\n\t\t\t\t\t\t\t\t<\/div>\n\t\t\t\t\t<\/a>\n\t\t\t\t\t\t\t<\/div>\n<\/div>\n<div class=\"qodef-e swiper-slide\">\n\t<div class=\"qodef-e-inner\">\n\t\t\t\t\t<a href=\"https:\/\/www.consulto-qualitas.hr\/\" target=\"_self\">\n\t\t\t\t<div class=\"qodef-e-images-holder\">\n\t\t\t\t\t\t\t<div class=\"qodef-e-main-image\">\n\t\t\t\t\t<img loading=\"lazy\" decoding=\"async\" width=\"400\" height=\"200\" src=\"https:\/\/infracert.hr\/wp-content\/uploads\/2026\/03\/IntracertHR_client5.png\" class=\"attachment-full size-full\" alt=\"\" srcset=\"https:\/\/infracert.hr\/wp-content\/uploads\/2026\/03\/IntracertHR_client5.png 400w, https:\/\/infracert.hr\/wp-content\/uploads\/2026\/03\/IntracertHR_client5-300x150.png 300w\" sizes=\"(max-width: 400px) 100vw, 400px\" \/>\t\t\t\t<\/div>\n\t\t\t\t\t\t\t\t<\/div>\n\t\t\t\t\t<\/a>\n\t\t\t\t\t\t\t<\/div>\n<\/div>\n<div class=\"qodef-e swiper-slide\">\n\t<div class=\"qodef-e-inner\">\n\t\t\t\t\t<a href=\"https:\/\/www.cetestgroup.com\/\" target=\"_self\">\n\t\t\t\t<div class=\"qodef-e-images-holder\">\n\t\t\t\t\t\t\t<div class=\"qodef-e-main-image\">\n\t\t\t\t\t<img loading=\"lazy\" decoding=\"async\" width=\"400\" height=\"200\" src=\"https:\/\/infracert.hr\/wp-content\/uploads\/2026\/03\/IntracertHR_client2.png\" class=\"attachment-full size-full\" alt=\"\" srcset=\"https:\/\/infracert.hr\/wp-content\/uploads\/2026\/03\/IntracertHR_client2.png 400w, https:\/\/infracert.hr\/wp-content\/uploads\/2026\/03\/IntracertHR_client2-300x150.png 300w\" sizes=\"(max-width: 400px) 100vw, 400px\" \/>\t\t\t\t<\/div>\n\t\t\t\t\t\t\t\t<\/div>\n\t\t\t\t\t<\/a>\n\t\t\t\t\t\t\t<\/div>\n<\/div>\n\t<\/div>\n\t<\/div>\n\t<div class=\"swiper-pagination qodef-swiper-pagination-outside swiper-pagination-1\"><\/div>\n\t\t\t\t<\/div>\n\t\t\t\t<\/div>\n\t\t\t\t\t<\/div>\n\t\t<\/div>\n\t\t\t\t\t<\/div>\n\t\t<\/section>\n\t\t\t\t<\/div>","protected":false},"excerpt":{"rendered":"<p>DESIGNATED BODY (DEBO) Conformity Assessment According to National Rules DeBo INFRACERT d.o.o. is authorized as a Designated Body (DeBo) responsible for the conformity assessment of railway subsystems in accordance with national rules.\u00a0 As an authorized body, the company performs verification of structural subsystems within railway systems, ensuring compliance with all applicable national regulatory requirements. With&#8230;<\/p>","protected":false},"author":1,"featured_media":0,"parent":0,"menu_order":0,"comment_status":"closed","ping_status":"closed","template":"","meta":{"footnotes":""},"class_list":["post-11230","page","type-page","status-publish","hentry"],"_links":{"self":[{"href":"https:\/\/infracert.hr\/hr\/wp-json\/wp\/v2\/pages\/11230","targetHints":{"allow":["GET"]}}],"collection":[{"href":"https:\/\/infracert.hr\/hr\/wp-json\/wp\/v2\/pages"}],"about":[{"href":"https:\/\/infracert.hr\/hr\/wp-json\/wp\/v2\/types\/page"}],"author":[{"embeddable":true,"href":"https:\/\/infracert.hr\/hr\/wp-json\/wp\/v2\/users\/1"}],"replies":[{"embeddable":true,"href":"https:\/\/infracert.hr\/hr\/wp-json\/wp\/v2\/comments?post=11230"}],"version-history":[{"count":52,"href":"https:\/\/infracert.hr\/hr\/wp-json\/wp\/v2\/pages\/11230\/revisions"}],"predecessor-version":[{"id":11546,"href":"https:\/\/infracert.hr\/hr\/wp-json\/wp\/v2\/pages\/11230\/revisions\/11546"}],"wp:attachment":[{"href":"https:\/\/infracert.hr\/hr\/wp-json\/wp\/v2\/media?parent=11230"}],"curies":[{"name":"wp","href":"https:\/\/api.w.org\/{rel}","templated":true}]}}