{"id":11285,"date":"2026-03-26T15:49:29","date_gmt":"2026-03-26T15:49:29","guid":{"rendered":"https:\/\/dev2.dev.conext.pl\/6\/?page_id=11285"},"modified":"2026-03-26T16:42:08","modified_gmt":"2026-03-26T16:42:08","slug":"nobo","status":"publish","type":"page","link":"https:\/\/infracert.hr\/hr\/nobo\/","title":{"rendered":"Prijavljeno tijelo (NoBo)"},"content":{"rendered":"<div data-elementor-type=\"wp-page\" data-elementor-id=\"11285\" class=\"elementor elementor-11285\">\n\t\t\t\t\t\t<section class=\"elementor-section elementor-top-section elementor-element elementor-element-3d2ac11 elementor-section-stretched elementor-section-boxed elementor-section-height-default elementor-section-height-default\" data-id=\"3d2ac11\" data-element_type=\"section\" data-e-type=\"section\" data-settings=\"{&quot;stretch_section&quot;:&quot;section-stretched&quot;,&quot;background_background&quot;:&quot;classic&quot;}\">\n\t\t\t\t\t\t<div class=\"elementor-container elementor-column-gap-default\">\n\t\t\t\t\t<div class=\"elementor-column elementor-col-50 elementor-top-column elementor-element elementor-element-ba0fda8 elementor-hidden-tablet elementor-hidden-mobile\" data-id=\"ba0fda8\" data-element_type=\"column\" data-e-type=\"column\">\n\t\t\t<div class=\"elementor-widget-wrap elementor-element-populated\">\n\t\t\t\t\t\t<div class=\"elementor-element elementor-element-4df3346 elementor-widget elementor-widget-image\" data-id=\"4df3346\" data-element_type=\"widget\" data-e-type=\"widget\" data-widget_type=\"image.default\">\n\t\t\t\t\t\t\t\t\t\t\t\t\t\t\t<img fetchpriority=\"high\" decoding=\"async\" width=\"675\" height=\"1215\" src=\"https:\/\/infracert.hr\/wp-content\/uploads\/2026\/03\/Infr_photo20.png\" class=\"attachment-full size-full wp-image-11288\" alt=\"\" srcset=\"https:\/\/infracert.hr\/wp-content\/uploads\/2026\/03\/Infr_photo20.png 675w, https:\/\/infracert.hr\/wp-content\/uploads\/2026\/03\/Infr_photo20-167x300.png 167w, https:\/\/infracert.hr\/wp-content\/uploads\/2026\/03\/Infr_photo20-569x1024.png 569w\" sizes=\"(max-width: 675px) 100vw, 675px\" \/>\t\t\t\t\t\t\t\t\t\t\t\t\t\t\t<\/div>\n\t\t\t\t<div class=\"elementor-element elementor-element-5ef7eea elementor-widget__width-auto elementor-absolute elementor-widget elementor-widget-rt-react-image\" data-id=\"5ef7eea\" data-element_type=\"widget\" data-e-type=\"widget\" data-settings=\"{&quot;_position&quot;:&quot;absolute&quot;}\" data-widget_type=\"rt-react-image.default\">\n\t\t\t\t<div class=\"elementor-widget-container\">\n\t\t\t\t\t        <div class=\"react-image yes\">\n                            <img decoding=\"async\" class=\"react-multi-image veritcal image-rotate image-scale\" src=\"https:\/\/dev2.dev.conext.pl\/6\/wp-content\/uploads\/2026\/03\/Infr_photo19.png\" alt=\"image\"\/>\n                    <\/div>\n          \n    \t\t\t\t<\/div>\n\t\t\t\t<\/div>\n\t\t\t\t\t<\/div>\n\t\t<\/div>\n\t\t\t\t<div class=\"elementor-column elementor-col-50 elementor-top-column elementor-element elementor-element-b6e958b\" data-id=\"b6e958b\" data-element_type=\"column\" data-e-type=\"column\">\n\t\t\t<div class=\"elementor-widget-wrap elementor-element-populated\">\n\t\t\t\t\t\t<section class=\"elementor-section elementor-inner-section elementor-element elementor-element-c2817f4 elementor-section-boxed elementor-section-height-default elementor-section-height-default\" data-id=\"c2817f4\" data-element_type=\"section\" data-e-type=\"section\">\n\t\t\t\t\t\t<div class=\"elementor-container elementor-column-gap-default\">\n\t\t\t\t\t<div class=\"elementor-column elementor-col-100 elementor-inner-column elementor-element elementor-element-5ff7714\" data-id=\"5ff7714\" data-element_type=\"column\" data-e-type=\"column\">\n\t\t\t<div class=\"elementor-widget-wrap elementor-element-populated\">\n\t\t\t\t\t\t<div class=\"elementor-element elementor-element-42c72cb elementor-widget elementor-widget-react-heading\" data-id=\"42c72cb\" data-element_type=\"widget\" data-e-type=\"widget\" data-widget_type=\"react-heading.default\">\n\t\t\t\t<div class=\"elementor-widget-container\">\n\t\t\t\t\t\t  \r\n        <div class=\"react-heading default\">\r\n        \t<div class=\"title-inner no\">        \t\t      \t\t\r\n\t            <span class=\"sub-text\">NOTIFIED BODY (NOBO)<\/span><h2 class=\"title\">EU Conformity Assessment for Railway Subsystems<\/h2>\t        <\/div>\r\n\t\t\t<span class=\"watermark\">NoBo<\/span>\t                    \t<div  class=\"description\">\r\n            \t\t<p data-start=\"376\" data-end=\"698\">INFRACERT d.o.o. has the status of a Notified Body (NoBo) (NB 3014) since September 22, 2023, in accordance with Directive (EU) 2016\/797. The company is registered in the NANDO database and provides conformity assessment services for railway subsystems in line with the Technical Specifications for Interoperability (TSI).<\/p><p data-start=\"700\" data-end=\"1005\">As a Notified Body, Infracert performs independent verification and issues certificates of conformity, supporting the process of obtaining EC declarations. The company is also accredited for assessing the conformity of railway subsystems and interoperability components within the European railway system.<\/p><p data-start=\"1399\" data-end=\"1487\"><strong>Subsystems covered under NoBo services:<\/strong><\/p>            \t\t\r\n            \t<\/div>\r\n        \t\r\n\t            \r\n        <\/div>\r\n        \t\t\t\t<\/div>\n\t\t\t\t<\/div>\n\t\t\t\t<div class=\"elementor-element elementor-element-441b40f elementor-position-inline-start elementor-mobile-position-inline-start elementor-view-default elementor-widget elementor-widget-icon-box\" data-id=\"441b40f\" data-element_type=\"widget\" data-e-type=\"widget\" data-widget_type=\"icon-box.default\">\n\t\t\t\t\t\t\t<div class=\"elementor-icon-box-wrapper\">\n\n\t\t\t\t\t\t<div class=\"elementor-icon-box-icon\">\n\t\t\t\t<span  class=\"elementor-icon\">\n\t\t\t\t<svg aria-hidden=\"true\" class=\"e-font-icon-svg e-fas-long-arrow-alt-right\" viewbox=\"0 0 448 512\" xmlns=\"http:\/\/www.w3.org\/2000\/svg\"><path d=\"M313.941 216H12c-6.627 0-12 5.373-12 12v56c0 6.627 5.373 12 12 12h301.941v46.059c0 21.382 25.851 32.09 40.971 16.971l86.059-86.059c9.373-9.373 9.373-24.569 0-33.941l-86.059-86.059c-15.119-15.119-40.971-4.411-40.971 16.971V216z\"><\/path><\/svg>\t\t\t\t<\/span>\n\t\t\t<\/div>\n\t\t\t\n\t\t\t\t\t\t<div class=\"elementor-icon-box-content\">\n\n\t\t\t\t\t\t\t\t\t<h3 class=\"elementor-icon-box-title\">\n\t\t\t\t\t\t<span  >\n\t\t\t\t\t\t\tEnergy subsystem\t\t\t\t\t\t<\/span>\n\t\t\t\t\t<\/h3>\n\t\t\t\t\n\t\t\t\t\t\t\t\t\t<p class=\"elementor-icon-box-description\">\n\t\t\t\t\t\taccording to TSI ENE 1301\/2014 and all other amendments\t\t\t\t\t<\/p>\n\t\t\t\t\n\t\t\t<\/div>\n\t\t\t\n\t\t<\/div>\n\t\t\t\t\t\t<\/div>\n\t\t\t\t<div class=\"elementor-element elementor-element-c5e07b2 elementor-position-inline-start elementor-mobile-position-inline-start elementor-view-default elementor-widget elementor-widget-icon-box\" data-id=\"c5e07b2\" data-element_type=\"widget\" data-e-type=\"widget\" data-widget_type=\"icon-box.default\">\n\t\t\t\t\t\t\t<div class=\"elementor-icon-box-wrapper\">\n\n\t\t\t\t\t\t<div class=\"elementor-icon-box-icon\">\n\t\t\t\t<span  class=\"elementor-icon\">\n\t\t\t\t<svg aria-hidden=\"true\" class=\"e-font-icon-svg e-fas-long-arrow-alt-right\" viewbox=\"0 0 448 512\" xmlns=\"http:\/\/www.w3.org\/2000\/svg\"><path d=\"M313.941 216H12c-6.627 0-12 5.373-12 12v56c0 6.627 5.373 12 12 12h301.941v46.059c0 21.382 25.851 32.09 40.971 16.971l86.059-86.059c9.373-9.373 9.373-24.569 0-33.941l-86.059-86.059c-15.119-15.119-40.971-4.411-40.971 16.971V216z\"><\/path><\/svg>\t\t\t\t<\/span>\n\t\t\t<\/div>\n\t\t\t\n\t\t\t\t\t\t<div class=\"elementor-icon-box-content\">\n\n\t\t\t\t\t\t\t\t\t<h3 class=\"elementor-icon-box-title\">\n\t\t\t\t\t\t<span  >\n\t\t\t\t\t\t\tConstruction subsystem\t\t\t\t\t\t<\/span>\n\t\t\t\t\t<\/h3>\n\t\t\t\t\n\t\t\t\t\t\t\t\t\t<p class=\"elementor-icon-box-description\">\n\t\t\t\t\t\taccording to TSI INF 1299\/2014, TSI SRT 1303\/2014 and TSI PRM 1300\/2014 and all other amendments\t\t\t\t\t<\/p>\n\t\t\t\t\n\t\t\t<\/div>\n\t\t\t\n\t\t<\/div>\n\t\t\t\t\t\t<\/div>\n\t\t\t\t<div class=\"elementor-element elementor-element-4cc313f elementor-position-inline-start elementor-mobile-position-inline-start elementor-view-default elementor-widget elementor-widget-icon-box\" data-id=\"4cc313f\" data-element_type=\"widget\" data-e-type=\"widget\" data-widget_type=\"icon-box.default\">\n\t\t\t\t\t\t\t<div class=\"elementor-icon-box-wrapper\">\n\n\t\t\t\t\t\t<div class=\"elementor-icon-box-icon\">\n\t\t\t\t<span  class=\"elementor-icon\">\n\t\t\t\t<svg aria-hidden=\"true\" class=\"e-font-icon-svg e-fas-long-arrow-alt-right\" viewbox=\"0 0 448 512\" xmlns=\"http:\/\/www.w3.org\/2000\/svg\"><path d=\"M313.941 216H12c-6.627 0-12 5.373-12 12v56c0 6.627 5.373 12 12 12h301.941v46.059c0 21.382 25.851 32.09 40.971 16.971l86.059-86.059c9.373-9.373 9.373-24.569 0-33.941l-86.059-86.059c-15.119-15.119-40.971-4.411-40.971 16.971V216z\"><\/path><\/svg>\t\t\t\t<\/span>\n\t\t\t<\/div>\n\t\t\t\n\t\t\t\t\t\t<div class=\"elementor-icon-box-content\">\n\n\t\t\t\t\t\t\t\t\t<h3 class=\"elementor-icon-box-title\">\n\t\t\t\t\t\t<span  >\n\t\t\t\t\t\t\tTraffic control and signalling subsystem\t\t\t\t\t\t<\/span>\n\t\t\t\t\t<\/h3>\n\t\t\t\t\n\t\t\t\t\t\t\t\t\t<p class=\"elementor-icon-box-description\">\n\t\t\t\t\t\taccording to TSI CCS 2023\/1695\t\t\t\t\t<\/p>\n\t\t\t\t\n\t\t\t<\/div>\n\t\t\t\n\t\t<\/div>\n\t\t\t\t\t\t<\/div>\n\t\t\t\t<div class=\"elementor-element elementor-element-f4ea22a elementor-widget elementor-widget-qi_addons_for_elementor_info_cards\" data-id=\"f4ea22a\" data-element_type=\"widget\" data-e-type=\"widget\" data-widget_type=\"qi_addons_for_elementor_info_cards.default\">\n\t\t\t\t<div class=\"elementor-widget-container\">\n\t\t\t\t\t<div class=\"qodef-shortcode qodef-m qodef-qi-info-cards qodef-layout--top qodef-link-overlay qodef--\">\n\t\t<div class=\"qodef-m-content\">\n\t\t\t\t\t<h2 class=\"qodef-m-title\">\n\t\t\t\t\tRegistration and Accreditation\t\t\t<\/h2>\n\t\t\t<p class=\"qodef-m-text\">INFRACERT d.o.o. is registered in the NANDO database as a Notified Body (NB 3014) as of September 22, 2023. Infracert d.o.o. is the first in Croatia accredited according to the HRN EN ISO\/IEC 17065:2013 norm for assessing the conformity of subsystems and components of the interoperability of the railway system in the EU according to Directive 2016\/797 under number 3705.<\/p>\n\t<\/div>\n\t\t<\/div>\n\t\t\t\t<\/div>\n\t\t\t\t<\/div>\n\t\t\t\t\t<\/div>\n\t\t<\/div>\n\t\t\t\t\t<\/div>\n\t\t<\/section>\n\t\t\t\t\t<\/div>\n\t\t<\/div>\n\t\t\t\t\t<\/div>\n\t\t<\/section>\n\t\t\t\t<section class=\"elementor-section elementor-top-section elementor-element elementor-element-7eb84eb elementor-section-stretched elementor-section-full_width elementor-section-height-default elementor-section-height-default\" data-id=\"7eb84eb\" data-element_type=\"section\" data-e-type=\"section\" data-settings=\"{&quot;stretch_section&quot;:&quot;section-stretched&quot;,&quot;background_background&quot;:&quot;classic&quot;}\">\n\t\t\t\t\t\t\t<div class=\"elementor-background-overlay\"><\/div>\n\t\t\t\t\t\t\t<div class=\"elementor-container elementor-column-gap-default\">\n\t\t\t\t\t<div class=\"elementor-column elementor-col-100 elementor-top-column elementor-element elementor-element-9dc6270 finbiz-primary-bg\" data-id=\"9dc6270\" data-element_type=\"column\" data-e-type=\"column\" data-settings=\"{&quot;background_background&quot;:&quot;classic&quot;}\">\n\t\t\t<div class=\"elementor-widget-wrap elementor-element-populated\">\n\t\t\t\t\t<div class=\"elementor-background-overlay\"><\/div>\n\t\t\t\t\t\t<section class=\"elementor-section elementor-inner-section elementor-element elementor-element-d6ba766 elementor-section-content-middle elementor-section-boxed elementor-section-height-default elementor-section-height-default\" data-id=\"d6ba766\" data-element_type=\"section\" data-e-type=\"section\">\n\t\t\t\t\t\t<div class=\"elementor-container elementor-column-gap-no\">\n\t\t\t\t\t<div class=\"elementor-column elementor-col-50 elementor-inner-column elementor-element elementor-element-4d4715d\" data-id=\"4d4715d\" data-element_type=\"column\" data-e-type=\"column\">\n\t\t\t<div class=\"elementor-widget-wrap elementor-element-populated\">\n\t\t\t\t\t\t<div class=\"elementor-element elementor-element-bc22cc7 elementor-widget elementor-widget-heading\" data-id=\"bc22cc7\" data-element_type=\"widget\" data-e-type=\"widget\" data-widget_type=\"heading.default\">\n\t\t\t\t\t<h3 class=\"elementor-heading-title elementor-size-default\">Uvjerimo se da va\u0161 \u017eeljezni\u010dki projekt udovoljava svim certifikacijskim zahtjevima.<\/h3>\t\t\t\t<\/div>\n\t\t\t\t\t<\/div>\n\t\t<\/div>\n\t\t\t\t<div class=\"elementor-column elementor-col-50 elementor-inner-column elementor-element elementor-element-ea72cef\" data-id=\"ea72cef\" data-element_type=\"column\" data-e-type=\"column\">\n\t\t\t<div class=\"elementor-widget-wrap elementor-element-populated\">\n\t\t\t\t\t\t<div class=\"elementor-element elementor-element-2a944ba elementor-widget elementor-widget-react-button\" data-id=\"2a944ba\" data-element_type=\"widget\" data-e-type=\"widget\" data-widget_type=\"react-button.default\">\n\t\t\t\t<div class=\"elementor-widget-container\">\n\t\t\t\t\t\t\r\n\t\t\r\n\t\t<div class=\"react-button\">\r\n\t\t\t\t\t\t<a class=\"react_button\" href=\"\" >\t\t\t\t\r\n\t\t\t\r\n\t\t\t\t\r\n\t\t\t<span class=\"btn_text\">Kontaktirajte nas<\/span>\r\n\t\t\t\t\t\t\t<\/a>\r\n\t\t<\/div>    \r\n\t\t\t\t\t<\/div>\n\t\t\t\t<\/div>\n\t\t\t\t\t<\/div>\n\t\t<\/div>\n\t\t\t\t\t<\/div>\n\t\t<\/section>\n\t\t\t\t\t<\/div>\n\t\t<\/div>\n\t\t\t\t\t<\/div>\n\t\t<\/section>\n\t\t\t\t<section class=\"elementor-section elementor-top-section elementor-element elementor-element-ad32b7a elementor-section-stretched elementor-section-boxed elementor-section-height-default elementor-section-height-default\" data-id=\"ad32b7a\" data-element_type=\"section\" data-e-type=\"section\" data-settings=\"{&quot;stretch_section&quot;:&quot;section-stretched&quot;}\">\n\t\t\t\t\t\t<div class=\"elementor-container elementor-column-gap-default\">\n\t\t\t\t\t<div class=\"elementor-column elementor-col-100 elementor-top-column elementor-element elementor-element-bc0b240\" data-id=\"bc0b240\" data-element_type=\"column\" data-e-type=\"column\" data-settings=\"{&quot;background_background&quot;:&quot;classic&quot;}\">\n\t\t\t<div class=\"elementor-widget-wrap elementor-element-populated\">\n\t\t\t\t\t\t<div class=\"elementor-element elementor-element-151b03f elementor-widget elementor-widget-react-heading\" data-id=\"151b03f\" data-element_type=\"widget\" data-e-type=\"widget\" data-widget_type=\"react-heading.default\">\n\t\t\t\t<div class=\"elementor-widget-container\">\n\t\t\t\t\t\t  \r\n        <div class=\"react-heading default\">\r\n        \t<div class=\"title-inner no\">        \t\t      \t\t\r\n\t            <span class=\"sub-text\">Na\u0161i partneri<\/span><h2 class=\"title\">Zajedno za bolja \u017eeljezni\u010dka rje\u0161enja<\/h2>\t        <\/div>\r\n\t\t\t<span class=\"watermark\">Partneri<\/span>\t                    \t<div  class=\"description\">\r\n            \t\t<p>Na\u0161i poslovni partneri, s kojima smo uspostavili formalne sporazume o suradnji, <br \/>igraju va\u017enu ulogu u pru\u017eanju pouzdanih i profesionalnih usluga \u017eeljezni\u010dkih certifikata.<\/p>            \t\t\r\n            \t<\/div>\r\n        \t\r\n\t            \r\n        <\/div>\r\n        \t\t\t\t<\/div>\n\t\t\t\t<\/div>\n\t\t\t\t<div class=\"elementor-element elementor-element-4adb2fa elementor-widget elementor-widget-qi_addons_for_elementor_clients_slider\" data-id=\"4adb2fa\" data-element_type=\"widget\" data-e-type=\"widget\" data-widget_type=\"qi_addons_for_elementor_clients_slider.default\">\n\t\t\t\t<div class=\"elementor-widget-container\">\n\t\t\t\t\t<div class=\"qodef-shortcode qodef-m qodef-qi-clients-slider qodef--boxed qodef--hover-scale qodef-qi-grid qodef-qi-swiper-container qodef-pagination--outside qodef-pagination-alignment--center\" data-options=\"{&quot;direction&quot;:&quot;horizontal&quot;,&quot;slidesPerView&quot;:&quot;5&quot;,&quot;spaceBetween&quot;:60,&quot;spaceBetweenTablet&quot;:30,&quot;spaceBetweenMobile&quot;:30,&quot;effect&quot;:&quot;&quot;,&quot;loop&quot;:true,&quot;autoplay&quot;:true,&quot;centeredSlides&quot;:true,&quot;speed&quot;:&quot;&quot;,&quot;speedAnimation&quot;:&quot;&quot;,&quot;outsideNavigation&quot;:&quot;no&quot;,&quot;outsidePagination&quot;:&quot;yes&quot;,&quot;unique&quot;:&quot;1&quot;,&quot;partialValue&quot;:0,&quot;disablePartialValue&quot;:&quot;&quot;,&quot;parallax&quot;:&quot;no&quot;,&quot;customStages&quot;:true,&quot;slidesPerView1680&quot;:&quot;5&quot;,&quot;slidesPerView1440&quot;:&quot;5&quot;,&quot;slidesPerView1366&quot;:&quot;5&quot;,&quot;slidesPerView1024&quot;:&quot;5&quot;,&quot;slidesPerView768&quot;:&quot;4&quot;,&quot;slidesPerView680&quot;:&quot;4&quot;,&quot;slidesPerView480&quot;:&quot;3&quot;}\">\n\t<div class=\"swiper-wrapper\">\n\t\t<div class=\"qodef-e swiper-slide\">\n\t<div class=\"qodef-e-inner\">\n\t\t\t\t\t<a href=\"https:\/\/szz.hr\/\" target=\"_self\">\n\t\t\t\t<div class=\"qodef-e-images-holder\">\n\t\t\t\t\t\t\t<div class=\"qodef-e-main-image\">\n\t\t\t\t\t<img decoding=\"async\" width=\"400\" height=\"200\" src=\"https:\/\/infracert.hr\/wp-content\/uploads\/2026\/03\/IntracertHR_client7.png\" class=\"attachment-full size-full\" alt=\"\" srcset=\"https:\/\/infracert.hr\/wp-content\/uploads\/2026\/03\/IntracertHR_client7.png 400w, https:\/\/infracert.hr\/wp-content\/uploads\/2026\/03\/IntracertHR_client7-300x150.png 300w\" sizes=\"(max-width: 400px) 100vw, 400px\" \/>\t\t\t\t<\/div>\n\t\t\t\t\t\t\t\t<\/div>\n\t\t\t\t\t<\/a>\n\t\t\t\t\t\t\t<\/div>\n<\/div>\n<div class=\"qodef-e swiper-slide\">\n\t<div class=\"qodef-e-inner\">\n\t\t\t\t\t<a href=\"https:\/\/hdzi.hr\/wpnew\/\" target=\"_self\">\n\t\t\t\t<div class=\"qodef-e-images-holder\">\n\t\t\t\t\t\t\t<div class=\"qodef-e-main-image\">\n\t\t\t\t\t<img decoding=\"async\" width=\"400\" height=\"200\" src=\"https:\/\/infracert.hr\/wp-content\/uploads\/2026\/03\/IntracertHR_client1.png\" class=\"attachment-full size-full\" alt=\"\" srcset=\"https:\/\/infracert.hr\/wp-content\/uploads\/2026\/03\/IntracertHR_client1.png 400w, https:\/\/infracert.hr\/wp-content\/uploads\/2026\/03\/IntracertHR_client1-300x150.png 300w\" sizes=\"(max-width: 400px) 100vw, 400px\" \/>\t\t\t\t<\/div>\n\t\t\t\t\t\t\t\t<\/div>\n\t\t\t\t\t<\/a>\n\t\t\t\t\t\t\t<\/div>\n<\/div>\n<div class=\"qodef-e swiper-slide\">\n\t<div class=\"qodef-e-inner\">\n\t\t\t\t\t<a href=\"https:\/\/www.koncar-institut.hr\/\" target=\"_self\">\n\t\t\t\t<div class=\"qodef-e-images-holder\">\n\t\t\t\t\t\t\t<div class=\"qodef-e-main-image\">\n\t\t\t\t\t<img loading=\"lazy\" decoding=\"async\" width=\"400\" height=\"200\" src=\"https:\/\/infracert.hr\/wp-content\/uploads\/2026\/03\/IntracertHR_client3.png\" class=\"attachment-full size-full\" alt=\"\" srcset=\"https:\/\/infracert.hr\/wp-content\/uploads\/2026\/03\/IntracertHR_client3.png 400w, https:\/\/infracert.hr\/wp-content\/uploads\/2026\/03\/IntracertHR_client3-300x150.png 300w\" sizes=\"(max-width: 400px) 100vw, 400px\" \/>\t\t\t\t<\/div>\n\t\t\t\t\t\t\t\t<\/div>\n\t\t\t\t\t<\/a>\n\t\t\t\t\t\t\t<\/div>\n<\/div>\n<div class=\"qodef-e swiper-slide\">\n\t<div class=\"qodef-e-inner\">\n\t\t\t\t\t<a href=\"https:\/\/www.fer.unizg.hr\/\" target=\"_self\">\n\t\t\t\t<div class=\"qodef-e-images-holder\">\n\t\t\t\t\t\t\t<div class=\"qodef-e-main-image\">\n\t\t\t\t\t<img loading=\"lazy\" decoding=\"async\" width=\"400\" height=\"200\" src=\"https:\/\/infracert.hr\/wp-content\/uploads\/2026\/03\/IntracertHR_client8.png\" class=\"attachment-full size-full\" alt=\"\" srcset=\"https:\/\/infracert.hr\/wp-content\/uploads\/2026\/03\/IntracertHR_client8.png 400w, https:\/\/infracert.hr\/wp-content\/uploads\/2026\/03\/IntracertHR_client8-300x150.png 300w\" sizes=\"(max-width: 400px) 100vw, 400px\" \/>\t\t\t\t<\/div>\n\t\t\t\t\t\t\t\t<\/div>\n\t\t\t\t\t<\/a>\n\t\t\t\t\t\t\t<\/div>\n<\/div>\n<div class=\"qodef-e swiper-slide\">\n\t<div class=\"qodef-e-inner\">\n\t\t\t\t\t<a href=\"https:\/\/egk.hr\/\" target=\"_self\">\n\t\t\t\t<div class=\"qodef-e-images-holder\">\n\t\t\t\t\t\t\t<div class=\"qodef-e-main-image\">\n\t\t\t\t\t<img loading=\"lazy\" decoding=\"async\" width=\"400\" height=\"200\" src=\"https:\/\/infracert.hr\/wp-content\/uploads\/2026\/03\/IntracertHR_client4.png\" class=\"attachment-full size-full\" alt=\"\" srcset=\"https:\/\/infracert.hr\/wp-content\/uploads\/2026\/03\/IntracertHR_client4.png 400w, https:\/\/infracert.hr\/wp-content\/uploads\/2026\/03\/IntracertHR_client4-300x150.png 300w\" sizes=\"(max-width: 400px) 100vw, 400px\" \/>\t\t\t\t<\/div>\n\t\t\t\t\t\t\t\t<\/div>\n\t\t\t\t\t<\/a>\n\t\t\t\t\t\t\t<\/div>\n<\/div>\n<div class=\"qodef-e swiper-slide\">\n\t<div class=\"qodef-e-inner\">\n\t\t\t\t\t<a href=\"https:\/\/www.tuv.at\/\" target=\"_self\">\n\t\t\t\t<div class=\"qodef-e-images-holder\">\n\t\t\t\t\t\t\t<div class=\"qodef-e-main-image\">\n\t\t\t\t\t<img loading=\"lazy\" decoding=\"async\" width=\"400\" height=\"200\" src=\"https:\/\/infracert.hr\/wp-content\/uploads\/2026\/03\/IntracertHR_client6.png\" class=\"attachment-full size-full\" alt=\"\" srcset=\"https:\/\/infracert.hr\/wp-content\/uploads\/2026\/03\/IntracertHR_client6.png 400w, https:\/\/infracert.hr\/wp-content\/uploads\/2026\/03\/IntracertHR_client6-300x150.png 300w\" sizes=\"(max-width: 400px) 100vw, 400px\" \/>\t\t\t\t<\/div>\n\t\t\t\t\t\t\t\t<\/div>\n\t\t\t\t\t<\/a>\n\t\t\t\t\t\t\t<\/div>\n<\/div>\n<div class=\"qodef-e swiper-slide\">\n\t<div class=\"qodef-e-inner\">\n\t\t\t\t\t<a href=\"https:\/\/www.consulto-qualitas.hr\/\" target=\"_self\">\n\t\t\t\t<div class=\"qodef-e-images-holder\">\n\t\t\t\t\t\t\t<div class=\"qodef-e-main-image\">\n\t\t\t\t\t<img loading=\"lazy\" decoding=\"async\" width=\"400\" height=\"200\" src=\"https:\/\/infracert.hr\/wp-content\/uploads\/2026\/03\/IntracertHR_client5.png\" class=\"attachment-full size-full\" alt=\"\" srcset=\"https:\/\/infracert.hr\/wp-content\/uploads\/2026\/03\/IntracertHR_client5.png 400w, https:\/\/infracert.hr\/wp-content\/uploads\/2026\/03\/IntracertHR_client5-300x150.png 300w\" sizes=\"(max-width: 400px) 100vw, 400px\" \/>\t\t\t\t<\/div>\n\t\t\t\t\t\t\t\t<\/div>\n\t\t\t\t\t<\/a>\n\t\t\t\t\t\t\t<\/div>\n<\/div>\n<div class=\"qodef-e swiper-slide\">\n\t<div class=\"qodef-e-inner\">\n\t\t\t\t\t<a href=\"https:\/\/www.cetestgroup.com\/\" target=\"_self\">\n\t\t\t\t<div class=\"qodef-e-images-holder\">\n\t\t\t\t\t\t\t<div class=\"qodef-e-main-image\">\n\t\t\t\t\t<img loading=\"lazy\" decoding=\"async\" width=\"400\" height=\"200\" src=\"https:\/\/infracert.hr\/wp-content\/uploads\/2026\/03\/IntracertHR_client2.png\" class=\"attachment-full size-full\" alt=\"\" srcset=\"https:\/\/infracert.hr\/wp-content\/uploads\/2026\/03\/IntracertHR_client2.png 400w, https:\/\/infracert.hr\/wp-content\/uploads\/2026\/03\/IntracertHR_client2-300x150.png 300w\" sizes=\"(max-width: 400px) 100vw, 400px\" \/>\t\t\t\t<\/div>\n\t\t\t\t\t\t\t\t<\/div>\n\t\t\t\t\t<\/a>\n\t\t\t\t\t\t\t<\/div>\n<\/div>\n\t<\/div>\n\t<\/div>\n\t<div class=\"swiper-pagination qodef-swiper-pagination-outside swiper-pagination-1\"><\/div>\n\t\t\t\t<\/div>\n\t\t\t\t<\/div>\n\t\t\t\t\t<\/div>\n\t\t<\/div>\n\t\t\t\t\t<\/div>\n\t\t<\/section>\n\t\t\t\t<\/div>","protected":false},"excerpt":{"rendered":"<p>NOTIFIED BODY (NOBO) EU Conformity Assessment for Railway Subsystems NoBo INFRACERT d.o.o. has the status of a Notified Body (NoBo) (NB 3014) since September 22, 2023, in accordance with Directive (EU) 2016\/797. The company is registered in the NANDO database and provides conformity assessment services for railway subsystems in line with the Technical Specifications for&#8230;<\/p>","protected":false},"author":1,"featured_media":0,"parent":0,"menu_order":0,"comment_status":"closed","ping_status":"closed","template":"","meta":{"footnotes":""},"class_list":["post-11285","page","type-page","status-publish","hentry"],"_links":{"self":[{"href":"https:\/\/infracert.hr\/hr\/wp-json\/wp\/v2\/pages\/11285","targetHints":{"allow":["GET"]}}],"collection":[{"href":"https:\/\/infracert.hr\/hr\/wp-json\/wp\/v2\/pages"}],"about":[{"href":"https:\/\/infracert.hr\/hr\/wp-json\/wp\/v2\/types\/page"}],"author":[{"embeddable":true,"href":"https:\/\/infracert.hr\/hr\/wp-json\/wp\/v2\/users\/1"}],"replies":[{"embeddable":true,"href":"https:\/\/infracert.hr\/hr\/wp-json\/wp\/v2\/comments?post=11285"}],"version-history":[{"count":22,"href":"https:\/\/infracert.hr\/hr\/wp-json\/wp\/v2\/pages\/11285\/revisions"}],"predecessor-version":[{"id":11321,"href":"https:\/\/infracert.hr\/hr\/wp-json\/wp\/v2\/pages\/11285\/revisions\/11321"}],"wp:attachment":[{"href":"https:\/\/infracert.hr\/hr\/wp-json\/wp\/v2\/media?parent=11285"}],"curies":[{"name":"wp","href":"https:\/\/api.w.org\/{rel}","templated":true}]}}